{"id":36,"date":"2026-02-12T12:53:00","date_gmt":"2026-02-12T17:53:00","guid":{"rendered":"https:\/\/eickvieira.com\/?page_id=36"},"modified":"2026-03-27T14:21:09","modified_gmt":"2026-03-27T19:21:09","slug":"sell","status":"publish","type":"page","link":"https:\/\/eickvieira.com\/fr\/sell\/","title":{"rendered":"Sell"},"content":{"rendered":"<div data-elementor-type=\"wp-page\" data-elementor-id=\"36\" class=\"elementor elementor-36\" data-elementor-post-type=\"page\">\n\t\t\t\t<div class=\"elementor-element elementor-element-54a6578 e-con-full e-flex e-con e-parent\" data-id=\"54a6578\" data-element_type=\"container\" data-e-type=\"container\" data-settings=\"{&quot;background_background&quot;:&quot;classic&quot;}\">\n\t\t<div class=\"elementor-element elementor-element-3921bda e-con-full e-flex e-con e-child\" data-id=\"3921bda\" data-element_type=\"container\" data-e-type=\"container\">\n\t\t\t\t<div class=\"elementor-element elementor-element-c9c6449 elementor-widget elementor-widget-heading\" data-id=\"c9c6449\" data-element_type=\"widget\" data-e-type=\"widget\" data-widget_type=\"heading.default\">\n\t\t\t\t\t<h1 class=\"elementor-heading-title elementor-size-default\">Sell With Strategy. <br> Sell With Confidence.<\/h1>\t\t\t\t<\/div>\n\t\t\t\t<div class=\"elementor-element elementor-element-1c2a0f5 elementor-widget__width-initial elementor-widget elementor-widget-text-editor\" data-id=\"1c2a0f5\" data-element_type=\"widget\" data-e-type=\"widget\" data-widget_type=\"text-editor.default\">\n\t\t\t\t\t\t\t\t\t<p>I combine data-driven pricing, strong negotiation, and a human approach to help you achieve the best possible outcome.<\/p>\t\t\t\t\t\t\t\t<\/div>\n\t\t\t\t<div class=\"elementor-element elementor-element-75afe44 elementor-align-left elementor-widget elementor-widget-button\" data-id=\"75afe44\" data-element_type=\"widget\" data-e-type=\"widget\" data-widget_type=\"button.default\">\n\t\t\t\t\t\t\t\t\t\t<a class=\"elementor-button elementor-button-link elementor-size-sm\" href=\"https:\/\/eickvieira.com\/fr\/free-home-evaluation\/\">\n\t\t\t\t\t\t<span class=\"elementor-button-content-wrapper\">\n\t\t\t\t\t\t\t\t\t<span class=\"elementor-button-text\">Get Your Property Evaluation<\/span>\n\t\t\t\t\t<\/span>\n\t\t\t\t\t<\/a>\n\t\t\t\t\t\t\t\t<\/div>\n\t\t\t\t<\/div>\n\t\t\t\t<\/div>\n\t\t<div class=\"elementor-element elementor-element-2dadf2d e-con-full e-flex e-con e-parent\" data-id=\"2dadf2d\" data-element_type=\"container\" data-e-type=\"container\">\n\t\t\t\t<div class=\"elementor-element elementor-element-6406b2c elementor-widget elementor-widget-html\" data-id=\"6406b2c\" data-element_type=\"widget\" data-e-type=\"widget\" data-widget_type=\"html.default\">\n\t\t\t\t\t<!-- Selling Process Steps \u2014 paste into Elementor Custom HTML widget -->\r\n<style>\r\n  @import url('https:\/\/fonts.googleapis.com\/css2?family=Cormorant+Garamond:ital,wght@0,400;0,500;1,400;1,500&family=Jost:wght@300;400;500&display=swap');\r\n  * { box-sizing: border-box; margin: 0; padding: 0; }\r\n\r\n  .steps { font-family: 'Jost', sans-serif; background: #FAFAF8; padding: 3.5rem 0; }\r\n  .s-label { font-size: 10.5px; font-weight: 500; letter-spacing: 0.18em; text-transform: uppercase; color: #94A89C; margin-bottom: 6px; }\r\n  .s-heading { font-family: 'Cormorant Garamond', serif; font-size: 32px; font-weight: 400; color: #011F27; margin-bottom: 6px; line-height: 1.2; }\r\n  .s-heading em { font-style: italic; }\r\n  .s-sub { font-size: 14px; color: #4A5A50; font-weight: 300; margin-bottom: 3rem; }\r\n\r\n  .steps-grid { display: grid; grid-template-columns: repeat(5, 1fr); gap: 0; position: relative; }\r\n  .steps-grid::before { content: ''; position: absolute; top: 27px; left: calc(10% + 0px); right: calc(10% + 0px); height: 0.5px; background: #C5B89A; opacity: 0.35; z-index: 0; }\r\n\r\n  .step { display: flex; flex-direction: column; align-items: center; text-align: center; padding: 0 0.8rem; position: relative; z-index: 1; }\r\n\r\n  .step-num { width: 54px; height: 54px; border-radius: 50%; border: 1px solid #C5B89A; background: #FAFAF8; display: flex; align-items: center; justify-content: center; font-family: 'Cormorant Garamond', serif; font-size: 20px; font-weight: 400; color: #011F27; margin-bottom: 1.2rem; flex-shrink: 0; }\r\n\r\n  .step-title { font-family: 'Cormorant Garamond', serif; font-size: 17px; font-weight: 500; color: #011F27; margin-bottom: 8px; line-height: 1.3; }\r\n  .step-title em { font-style: italic; color: #0A3A47; }\r\n  .step-body { font-size: 12.5px; color: #4A5A50; line-height: 1.7; font-weight: 300; }\r\n<\/style>\r\n\r\n<div class=\"steps\">\r\n  <p class=\"s-label\">The selling process<\/p>\r\n  <h2 class=\"s-heading\">What selling with me <em>looks like<\/em><\/h2>\r\n  <p class=\"s-sub\">Five clear steps \u2014 no surprises, no pressure, full transparency from day one.<\/p>\r\n\r\n  <div class=\"steps-grid\">\r\n\r\n    <div class=\"step\">\r\n      <div class=\"step-num\">1<\/div>\r\n      <h3 class=\"step-title\"><em>Evaluation<\/em><\/h3>\r\n      <p class=\"step-body\">Free home evaluation based on comparable sales, location, and market conditions.<\/p>\r\n    <\/div>\r\n\r\n    <div class=\"step\">\r\n      <div class=\"step-num\">2<\/div>\r\n      <h3 class=\"step-title\"><em>Pricing<\/em><\/h3>\r\n      <p class=\"step-body\">Strategic pricing to maximize your return \u2014 not too high to deter, not too low to lose.<\/p>\r\n    <\/div>\r\n\r\n    <div class=\"step\">\r\n      <div class=\"step-num\">3<\/div>\r\n      <h3 class=\"step-title\"><em>Listing<\/em><\/h3>\r\n      <p class=\"step-body\">Professional photos, Centris listing, and targeted marketing to reach serious buyers.<\/p>\r\n    <\/div>\r\n\r\n    <div class=\"step\">\r\n      <div class=\"step-num\">4<\/div>\r\n      <h3 class=\"step-title\"><em>Offers<\/em><\/h3>\r\n      <p class=\"step-body\">I analyze every offer, advise on conditions, and negotiate the best terms on your behalf.<\/p>\r\n    <\/div>\r\n\r\n    <div class=\"step\">\r\n      <div class=\"step-num\">5<\/div>\r\n      <h3 class=\"step-title\"><em>Closing<\/em><\/h3>\r\n      <p class=\"step-body\">Coordination with notary, inspectors, and all parties until the keys are handed over.<\/p>\r\n    <\/div>\r\n\r\n  <\/div>\r\n<\/div>\t\t\t\t<\/div>\n\t\t\t\t<\/div>\n\t\t<div class=\"elementor-element elementor-element-58b3441 e-con-full e-flex e-con e-parent\" data-id=\"58b3441\" data-element_type=\"container\" data-e-type=\"container\">\n\t\t\t\t<div class=\"elementor-element elementor-element-03b9cbd elementor-widget elementor-widget-html\" data-id=\"03b9cbd\" data-element_type=\"widget\" data-e-type=\"widget\" data-widget_type=\"html.default\">\n\t\t\t\t\t<!-- Protection Royale \u2014 paste into Elementor Custom HTML widget -->\r\n<style>\r\n  @import url('https:\/\/fonts.googleapis.com\/css2?family=Cormorant+Garamond:ital,wght@0,400;0,500;1,400;1,500&family=Jost:wght@300;400;500&display=swap');\r\n  * { box-sizing: border-box; margin: 0; padding: 0; }\r\n\r\n  .pr { font-family: 'Jost', sans-serif; background: #011F27; padding: 4rem 3rem; border-radius: 0px; }\r\n  .pr-inner { display: grid; grid-template-columns: 1fr 1fr; gap: 4rem; align-items: center; }\r\n\r\n  .pr-label { font-size: 10.5px; font-weight: 500; letter-spacing: 0.18em; text-transform: uppercase; color: #94A89C; margin-bottom: 8px; }\r\n  .pr-heading { font-family: 'Cormorant Garamond', serif; font-size: 32px; font-weight: 400; color: #FAFAF8; margin-bottom: 1.2rem; line-height: 1.2; }\r\n  .pr-heading em { font-style: italic; color: #C5B89A; }\r\n  .pr-body { font-size: 14px; color: rgba(250,250,248,0.65); line-height: 1.8; font-weight: 300; margin-bottom: 1.8rem; }\r\n\r\n  .pr-points { display: flex; flex-direction: column; gap: 12px; }\r\n  .pr-point { display: flex; align-items: flex-start; gap: 12px; font-size: 13px; color: rgba(250,250,248,0.75); font-weight: 300; line-height: 1.6; }\r\n  .pr-dot { width: 5px; height: 5px; border-radius: 50%; background: #C5B89A; margin-top: 8px; flex-shrink: 0; }\r\n\r\n  .pr-logo-side { display: flex; flex-direction: column; align-items: center; justify-content: center; gap: 1.5rem; }\r\n  .pr-logo-img { max-width: 160px !important; width: 100%; display: block; margin: 0 auto; }\r\n  .pr-badge { font-family: 'Jost', sans-serif; font-size: 11px; font-weight: 300; letter-spacing: 0.1em; color: #94A89C; text-align: center; }\r\n\r\n  .pr-link { display: inline-flex; align-items: center; gap: 6px; font-size: 11.5px; font-weight: 500; letter-spacing: 0.08em; color: #C5B89A; text-decoration: none; margin-top: 1.5rem; }\r\n  .pr-link svg { width: 10px; height: 10px; }\r\n<\/style>\r\n\r\n<div class=\"pr\">\r\n  <div class=\"pr-inner\">\r\n\r\n    <div>\r\n      <p class=\"pr-label\">Your protection<\/p>\r\n      <h2 class=\"pr-heading\">Backed by <em>Protection Royale<\/em><\/h2>\r\n      <p class=\"pr-body\">As a Royal LePage broker, every transaction I handle is covered by the Protection Royale program \u2014 an additional layer of security designed to protect buyers and sellers throughout the process.<\/p>\r\n\r\n      <div class=\"pr-points\">\r\n        <div class=\"pr-point\">\r\n          <div class=\"pr-dot\"><\/div>\r\n          Financial protection against errors and omissions\r\n        <\/div>\r\n        <div class=\"pr-point\">\r\n          <div class=\"pr-dot\"><\/div>\r\n          Legal support and transaction oversight\r\n        <\/div>\r\n        <div class=\"pr-point\">\r\n          <div class=\"pr-dot\"><\/div>\r\n          Exclusive to Royal LePage brokers in Canada\r\n        <\/div>\r\n      <\/div>\r\n\r\n      <a href=\"https:\/\/www.royallepage.ca\/en\/realestate\/protection-royale\/\" class=\"pr-link\" target=\"_blank\">\r\n        Learn more about Protection Royale\r\n        <svg viewbox=\"0 0 12 12\" fill=\"none\" xmlns=\"http:\/\/www.w3.org\/2000\/svg\">\r\n          <path d=\"M2 6h8M6.5 2.5L10 6l-3.5 3.5\" stroke=\"#C5B89A\" stroke-width=\"1.1\" stroke-linecap=\"round\" stroke-linejoin=\"round\"\/>\r\n        <\/svg>\r\n      <\/a>\r\n    <\/div>\r\n\r\n    <div class=\"pr-logo-side\">\r\n      <img decoding=\"async\" class=\"pr-logo-img\"\r\n        src=\"https:\/\/eickvieira.com\/wp-content\/uploads\/2026\/02\/Protection-Royale-TM-full-colour-E-RGB-871x1024.png\"\r\n        alt=\"Protection Royale \u2014 Royal LePage\" \/>\r\n      <p class=\"pr-badge\">Royal LePage Urbain \u00b7 Protection Royale\u2122<\/p>\r\n    <\/div>\r\n\r\n  <\/div>\r\n<\/div>\t\t\t\t<\/div>\n\t\t\t\t<\/div>\n\t\t<div class=\"elementor-element elementor-element-a7b7e9d e-con-full e-flex e-con e-parent\" data-id=\"a7b7e9d\" data-element_type=\"container\" data-e-type=\"container\">\n\t\t<div class=\"elementor-element elementor-element-8c4d563 e-con-full e-flex e-con e-child\" data-id=\"8c4d563\" data-element_type=\"container\" data-e-type=\"container\" data-settings=\"{&quot;background_background&quot;:&quot;classic&quot;}\">\n\t\t\t\t<div class=\"elementor-element elementor-element-7c44a27 elementor-widget elementor-widget-text-editor\" data-id=\"7c44a27\" data-element_type=\"widget\" data-e-type=\"widget\" data-widget_type=\"text-editor.default\">\n\t\t\t\t\t\t\t\t\t<p style=\"font-family:'DM Sans',sans-serif;font-size:9px;font-weight:500;letter-spacing:0.22em;text-transform:uppercase;color:rgba(1,31,39,0.35);margin:0 0 12px;\">Google Reviews \u00b7 Verified clients<\/p>\t\t\t\t\t\t\t\t<\/div>\n\t\t\t\t<div class=\"elementor-element elementor-element-d063aa4 elementor-widget elementor-widget-heading\" data-id=\"d063aa4\" data-element_type=\"widget\" data-e-type=\"widget\" data-widget_type=\"heading.default\">\n\t\t\t\t\t<h2 class=\"elementor-heading-title elementor-size-default\">What clients say<\/h2>\t\t\t\t<\/div>\n\t\t\t\t<div class=\"elementor-element elementor-element-90de938 elementor-widget elementor-widget-text-editor\" data-id=\"90de938\" data-element_type=\"widget\" data-e-type=\"widget\" data-widget_type=\"text-editor.default\">\n\t\t\t\t\t\t\t\t\t<p>Client satisfaction is at the heart of everything I do.<br data-start=\"298\" data-end=\"301\" \/>If we\u2019ve worked together, I\u2019d truly appreciate your feedback.<\/p>\t\t\t\t\t\t\t\t<\/div>\n\t\t\t\t<div class=\"elementor-element elementor-element-8b3a9da elementor-widget elementor-widget-shortcode\" data-id=\"8b3a9da\" data-element_type=\"widget\" data-e-type=\"widget\" data-widget_type=\"shortcode.default\">\n\t\t\t\t\t\t\t<div class=\"elementor-shortcode\"><pre class=\"ti-widget\"><template id=\"trustindex-google-widget-html\"><div class=\"ti-widget  ti-goog ti-review-text-mode-readmore ti-content-align-center ti-custom-stars\" data-no-translation=\"true\" data-plugin-version=\"13.2.8\" data-layout-id=\"36\" data-layout-category=\"slider\" data-set-id=\"trustindex-style\" data-pid=\"\" data-language=\"en\" data-close-locale=\"Close\" data-review-target-width=\"300\" data-css-version=\"2\" data-reply-by-locale=\"Owner's reply\" data-only-rating-locale=\"This user only left a rating.\" data-pager-autoplay-timeout=\"6\"> <div class=\"ti-widget-container ti-col-3\"> <div class=\"ti-reviews-container\"> <div class=\"ti-controls\"> <div class=\"ti-next\" aria-label=\"Next review\" role=\"button\" tabindex=\"0\"><\/div> <div class=\"ti-prev\" aria-label=\"Previous review\" role=\"button\" tabindex=\"0\"><\/div> <\/div> <div class=\"ti-reviews-container-wrapper\">  <div data-empty=\"0\" class=\"ti-review-item source-Google ti-image-layout-thumbnail\" data-id=\"cfcd208495d565ef66e7dff9f98764da\"> <div class=\"ti-inner\"> <div class=\"ti-review-header\"> <trustindex-image class=\"ti-platform-icon\" data-imgurl=\"https:\/\/cdn.trustindex.io\/assets\/platform\/Google\/icon.svg\" alt=\"\" width=\"20\" height=\"20\" loading=\"lazy\"><\/trustindex-image> <div class=\"ti-profile-img\"> <trustindex-image data-imgurl=\"https:\/\/lh3.googleusercontent.com\/a-\/ALV-UjW6nNb5CVnPMyNwXrBUTaLtMvsUNrugdBs8ZMasIbm8FyC5uFk=w64-h64-c-rp-mo-br100\" alt=\"Matt C. profile picture\" loading=\"lazy\"><\/trustindex-image> <\/div> <div class=\"ti-profile-details\"> <div class=\"ti-name\"> Matt C. <\/div> <div class=\"ti-date\"><\/div> <\/div> <\/div> <span class=\"ti-stars\"><span class=\"ti-star f\"><\/span><span class=\"ti-star f\"><\/span><span class=\"ti-star f\"><\/span><span class=\"ti-star f\"><\/span><span class=\"ti-star f\"><\/span><span class=\"ti-verified-review ti-verified-platform ti-color-black\"><span class=\"ti-verified-tooltip\">Trustindex verifies that the original source of the review is Google.<\/span><\/span><\/span> <div class=\"ti-review-text-container ti-review-content\"><!-- R-CONTENT -->Highly recommended! Alexandre was able to quickly grasp the kind of property I was looking for, and I encountered no problems at all throughout the entire process. His fluency in both French and English (Portuguese too!) helped me a lot with my move from another province. I was very satisfied with the experience, and am enjoying my new home here.<!-- R-CONTENT --><\/div> <span class=\"ti-read-more\" data-container=\".ti-review-content\" data-collapse-text=\"Hide\" data-open-text=\"Read more\"><\/span> <\/div> <\/div>  <div data-empty=\"0\" class=\"ti-review-item source-Google ti-image-layout-thumbnail\" data-id=\"cfcd208495d565ef66e7dff9f98764da\"> <div class=\"ti-inner\"> <div class=\"ti-review-header\"> <trustindex-image class=\"ti-platform-icon\" data-imgurl=\"https:\/\/cdn.trustindex.io\/assets\/platform\/Google\/icon.svg\" alt=\"\" width=\"20\" height=\"20\" loading=\"lazy\"><\/trustindex-image> <div class=\"ti-profile-img\"> <trustindex-image data-imgurl=\"https:\/\/lh3.googleusercontent.com\/a-\/ALV-UjVhtqzKiklrdF8r-nUueGVx_oGVVqqST7UrjS9I72_88rvu0LxF=w64-h64-c-rp-mo-ba2-br100\" alt=\"hakim beddiari profile picture\" loading=\"lazy\"><\/trustindex-image> <\/div> <div class=\"ti-profile-details\"> <div class=\"ti-name\"> hakim beddiari <\/div> <div class=\"ti-date\"><\/div> <\/div> <\/div> <span class=\"ti-stars\"><span class=\"ti-star f\"><\/span><span class=\"ti-star f\"><\/span><span class=\"ti-star f\"><\/span><span class=\"ti-star f\"><\/span><span class=\"ti-star f\"><\/span><span class=\"ti-verified-review ti-verified-platform ti-color-black\"><span class=\"ti-verified-tooltip\">Trustindex verifies that the original source of the review is Google.<\/span><\/span><\/span> <div class=\"ti-review-text-container ti-review-content\"><!-- R-CONTENT -->Alexander was incredibly patient throughout the entire process and truly took the time to understand what I was looking for. Thanks to his dedication and attention to detail, I found my dream home. He is highly professional, knowledgeable, and clearly very experienced in real estate. Thank you so much for your support !<!-- R-CONTENT --><\/div> <span class=\"ti-read-more\" data-container=\".ti-review-content\" data-collapse-text=\"Hide\" data-open-text=\"Read more\"><\/span> <\/div> <\/div>  <div data-empty=\"0\" class=\"ti-review-item source-Google ti-image-layout-thumbnail\" data-id=\"cfcd208495d565ef66e7dff9f98764da\"> <div class=\"ti-inner\"> <div class=\"ti-review-header\"> <trustindex-image class=\"ti-platform-icon\" data-imgurl=\"https:\/\/cdn.trustindex.io\/assets\/platform\/Google\/icon.svg\" alt=\"\" width=\"20\" height=\"20\" loading=\"lazy\"><\/trustindex-image> <div class=\"ti-profile-img\"> <trustindex-image data-imgurl=\"https:\/\/lh3.googleusercontent.com\/a-\/ALV-UjXxoN5kzVoka0u5aYdMm9uSy2neCKids07VWycEC6pTFWqOJBotVg=w64-h64-c-rp-mo-br100\" alt=\"Claudia Cuello profile picture\" loading=\"lazy\"><\/trustindex-image> <\/div> <div class=\"ti-profile-details\"> <div class=\"ti-name\"> Claudia Cuello <\/div> <div class=\"ti-date\"><\/div> <\/div> <\/div> <span class=\"ti-stars\"><span class=\"ti-star f\"><\/span><span class=\"ti-star f\"><\/span><span class=\"ti-star f\"><\/span><span class=\"ti-star f\"><\/span><span class=\"ti-star f\"><\/span><span class=\"ti-verified-review ti-verified-platform ti-color-black\"><span class=\"ti-verified-tooltip\">Trustindex verifies that the original source of the review is Google.<\/span><\/span><\/span> <div class=\"ti-review-text-container ti-review-content\"><!-- R-CONTENT -->Acheter notre propri\u00e9t\u00e9 sur la Rive-Sud a \u00e9t\u00e9 une \u00e9tape importante et charg\u00e9e d\u2019\u00e9motions. Alexandre nous a accompagn\u00e9s avec patience, \u00e9coute et beaucoup de bienveillance.\nIl a toujours pris le temps de bien nous expliquer chaque \u00e9tape, sans pression, et nous nous sommes sentis en confiance du d\u00e9but \u00e0 la fin.\nQuand nous avons trouv\u00e9 notre maison, il a partag\u00e9 notre bonheur comme si c\u2019\u00e9tait le sien.\nMerci Alexandre pour ton accompagnement humain et professionnel \u2014 nous te recommandons sans h\u00e9sitation.<!-- R-CONTENT --><\/div> <span class=\"ti-read-more\" data-container=\".ti-review-content\" data-collapse-text=\"Hide\" data-open-text=\"Read more\"><\/span> <\/div> <\/div>  <\/div> <div class=\"ti-controls-line\"> <div class=\"dot\"><\/div> <\/div> <\/div>    <\/div> <\/div> <\/template><\/pre><div data-src=\"https:\/\/cdn.trustindex.io\/loader.js?wp-widget\" data-template-id=\"trustindex-google-widget-html\" data-css-url=\"https:\/\/eickvieira.com\/wp-content\/uploads\/trustindex-google-widget.css?1775342220\"><\/div><\/div>\n\t\t\t\t\t\t<\/div>\n\t\t\t\t<div class=\"elementor-element elementor-element-a250dd5 elementor-widget elementor-widget-button\" data-id=\"a250dd5\" data-element_type=\"widget\" data-e-type=\"widget\" data-widget_type=\"button.default\">\n\t\t\t\t\t\t\t\t\t\t<a class=\"elementor-button elementor-button-link elementor-size-sm\" href=\"https:\/\/g.page\/r\/CTsGuBYdgqeGEAI\/review\">\n\t\t\t\t\t\t<span class=\"elementor-button-content-wrapper\">\n\t\t\t\t\t\t\t\t\t<span class=\"elementor-button-text\">\u2b50 Share Your Experience<\/span>\n\t\t\t\t\t<\/span>\n\t\t\t\t\t<\/a>\n\t\t\t\t\t\t\t\t<\/div>\n\t\t\t\t<div class=\"elementor-element elementor-element-b4b2eb5 elementor-widget elementor-widget-text-editor\" data-id=\"b4b2eb5\" data-element_type=\"widget\" data-e-type=\"widget\" data-widget_type=\"text-editor.default\">\n\t\t\t\t\t\t\t\t\t<p>Your review helps future buyers and sellers make confident decisions.<\/p>\t\t\t\t\t\t\t\t<\/div>\n\t\t\t\t<\/div>\n\t\t\t\t<\/div>\n\t\t<div class=\"elementor-element elementor-element-193066e e-flex e-con-boxed e-con e-parent\" data-id=\"193066e\" data-element_type=\"container\" data-e-type=\"container\" data-settings=\"{&quot;background_background&quot;:&quot;classic&quot;}\">\n\t\t\t\t\t<div class=\"e-con-inner\">\n\t\t<div class=\"elementor-element elementor-element-ff83cfe e-con-full e-flex e-con e-child\" data-id=\"ff83cfe\" data-element_type=\"container\" data-e-type=\"container\">\n\t\t\t\t<div class=\"elementor-element elementor-element-7f4716a elementor-widget elementor-widget-heading\" data-id=\"7f4716a\" data-element_type=\"widget\" data-e-type=\"widget\" data-widget_type=\"heading.default\">\n\t\t\t\t\t<h2 class=\"elementor-heading-title elementor-size-default\">Selling a Property in Quebec?<br> Know Your Obligations.<\/h2>\t\t\t\t<\/div>\n\t\t\t\t<div class=\"elementor-element elementor-element-59dcca4 elementor-widget elementor-widget-text-editor\" data-id=\"59dcca4\" data-element_type=\"widget\" data-e-type=\"widget\" data-widget_type=\"text-editor.default\">\n\t\t\t\t\t\t\t\t\t<p>Before listing your property, I recommend reviewing the official Seller\u2019s Guide published by the OACIQ. It outlines your obligations, the selling process, and your rights as a seller in Quebec.<\/p>\t\t\t\t\t\t\t\t<\/div>\n\t\t\t\t<div class=\"elementor-element elementor-element-4d6b298 elementor-align-left elementor-widget elementor-widget-button\" data-id=\"4d6b298\" data-element_type=\"widget\" data-e-type=\"widget\" data-widget_type=\"button.default\">\n\t\t\t\t\t\t\t\t\t\t<a class=\"elementor-button elementor-button-link elementor-size-sm\" href=\"https:\/\/www.oaciq.com\/en\/general-public\/residential-sale\/sellers-guide\/\" target=\"_blank\" rel=\"nofollow\">\n\t\t\t\t\t\t<span class=\"elementor-button-content-wrapper\">\n\t\t\t\t\t\t\t\t\t<span class=\"elementor-button-text\">Official OACIQ Guide<\/span>\n\t\t\t\t\t<\/span>\n\t\t\t\t\t<\/a>\n\t\t\t\t\t\t\t\t<\/div>\n\t\t\t\t<div class=\"elementor-element elementor-element-91fdded elementor-widget elementor-widget-text-editor\" data-id=\"91fdded\" data-element_type=\"widget\" data-e-type=\"widget\" data-widget_type=\"text-editor.default\">\n\t\t\t\t\t\t\t\t\t<p>Source: OACIQ \u2013 Organisme d\u2019autor\u00e9glementation du courtage immobilier du Qu\u00e9bec<\/p>\t\t\t\t\t\t\t\t<\/div>\n\t\t\t\t<\/div>\n\t\t<div class=\"elementor-element elementor-element-4db8c1d e-con-full e-flex e-con e-child\" data-id=\"4db8c1d\" data-element_type=\"container\" data-e-type=\"container\">\n\t\t\t\t<div class=\"elementor-element elementor-element-ea5c433 elementor-widget elementor-widget-image\" data-id=\"ea5c433\" data-element_type=\"widget\" data-e-type=\"widget\" data-widget_type=\"image.default\">\n\t\t\t\t\t\t\t\t\t\t\t\t\t\t\t\t<a href=\"https:\/\/www.oaciq.com\/en\/general-public\/residential-sale\/sellers-guide\/\" target=\"_blank\" rel=\"nofollow\">\n\t\t\t\t\t\t\t<img fetchpriority=\"high\" decoding=\"async\" width=\"2560\" height=\"1707\" src=\"https:\/\/eickvieira.com\/wp-content\/uploads\/2026\/03\/pexels-a-darmel-7641842-scaled.jpg\" class=\"elementor-animation-float attachment-full size-full wp-image-613\" alt=\"\" srcset=\"https:\/\/eickvieira.com\/wp-content\/uploads\/2026\/03\/pexels-a-darmel-7641842-scaled.jpg 2560w, https:\/\/eickvieira.com\/wp-content\/uploads\/2026\/03\/pexels-a-darmel-7641842-300x200.jpg 300w, https:\/\/eickvieira.com\/wp-content\/uploads\/2026\/03\/pexels-a-darmel-7641842-1024x683.jpg 1024w, https:\/\/eickvieira.com\/wp-content\/uploads\/2026\/03\/pexels-a-darmel-7641842-768x512.jpg 768w, https:\/\/eickvieira.com\/wp-content\/uploads\/2026\/03\/pexels-a-darmel-7641842-1536x1024.jpg 1536w, https:\/\/eickvieira.com\/wp-content\/uploads\/2026\/03\/pexels-a-darmel-7641842-2048x1365.jpg 2048w, https:\/\/eickvieira.com\/wp-content\/uploads\/2026\/03\/pexels-a-darmel-7641842-18x12.jpg 18w\" sizes=\"(max-width: 2560px) 100vw, 2560px\" \/>\t\t\t\t\t\t\t\t<\/a>\n\t\t\t\t\t\t\t\t\t\t\t\t\t\t\t<\/div>\n\t\t\t\t<\/div>\n\t\t\t\t\t<\/div>\n\t\t\t\t<\/div>\n\t\t\t\t<\/div>","protected":false},"excerpt":{"rendered":"<p>Sell With Strategy. Sell With Confidence. I combine data-driven pricing, strong negotiation, and a human approach to help you achieve the best possible outcome. Get Your Property Evaluation The selling process What selling with me looks like Five clear steps \u2014 no surprises, no pressure, full transparency from day one. 1 Evaluation Free home evaluation [&hellip;]<\/p>\n","protected":false},"author":1,"featured_media":0,"parent":0,"menu_order":0,"comment_status":"closed","ping_status":"closed","template":"","meta":{"content-type":"","footnotes":""},"class_list":["post-36","page","type-page","status-publish","hentry"],"_links":{"self":[{"href":"https:\/\/eickvieira.com\/fr\/wp-json\/wp\/v2\/pages\/36","targetHints":{"allow":["GET"]}}],"collection":[{"href":"https:\/\/eickvieira.com\/fr\/wp-json\/wp\/v2\/pages"}],"about":[{"href":"https:\/\/eickvieira.com\/fr\/wp-json\/wp\/v2\/types\/page"}],"author":[{"embeddable":true,"href":"https:\/\/eickvieira.com\/fr\/wp-json\/wp\/v2\/users\/1"}],"replies":[{"embeddable":true,"href":"https:\/\/eickvieira.com\/fr\/wp-json\/wp\/v2\/comments?post=36"}],"version-history":[{"count":88,"href":"https:\/\/eickvieira.com\/fr\/wp-json\/wp\/v2\/pages\/36\/revisions"}],"predecessor-version":[{"id":1788,"href":"https:\/\/eickvieira.com\/fr\/wp-json\/wp\/v2\/pages\/36\/revisions\/1788"}],"wp:attachment":[{"href":"https:\/\/eickvieira.com\/fr\/wp-json\/wp\/v2\/media?parent=36"}],"curies":[{"name":"wp","href":"https:\/\/api.w.org\/{rel}","templated":true}]}}